{"id":8,"date":"2021-09-18T20:10:04","date_gmt":"2021-09-18T18:10:04","guid":{"rendered":"https:\/\/insocsa.es\/?page_id=8"},"modified":"2021-09-18T20:10:04","modified_gmt":"2021-09-18T18:10:04","slug":"politica-de-cookies","status":"publish","type":"page","link":"https:\/\/insocsa.es\/?page_id=8","title":{"rendered":"Pol\u00edtica de cookies"},"content":{"rendered":"\n<p>No se recaban datos de car\u00e1cter personal de las personas usuarias sin su conocimiento, ni se ceden a terceros.<\/p>\n\n\n\n<p>No se utilizan cookies para recoger informaci\u00f3n de las personas usuarias, ni registra las direcciones IP de acceso. \u00danicamente se utilizan cookies propias, de sesi\u00f3n, con finalidad t\u00e9cnica (aquellas que permiten la navegaci\u00f3n a trav\u00e9s del sitio web y la utilizaci\u00f3n de las diferentes opciones y servicios que en ella existen).<\/p>\n\n\n\n<p>No se contienen enlaces a sitios web de terceros.<\/p>\n","protected":false},"excerpt":{"rendered":"<p>No se recaban datos de car\u00e1cter personal de las personas usuarias sin su conocimiento, ni se ceden a terceros. No se utilizan cookies para recoger informaci\u00f3n de las personas usuarias, ni registra las direcciones IP de acceso. \u00danicamente se utilizan &hellip; <a href=\"https:\/\/insocsa.es\/?page_id=8\">Sigue leyendo <span class=\"meta-nav\">&rarr;<\/span><\/a><\/p>\n","protected":false},"author":1,"featured_media":0,"parent":0,"menu_order":0,"comment_status":"closed","ping_status":"closed","template":"","meta":[],"_links":{"self":[{"href":"https:\/\/insocsa.es\/index.php?rest_route=\/wp\/v2\/pages\/8"}],"collection":[{"href":"https:\/\/insocsa.es\/index.php?rest_route=\/wp\/v2\/pages"}],"about":[{"href":"https:\/\/insocsa.es\/index.php?rest_route=\/wp\/v2\/types\/page"}],"author":[{"embeddable":true,"href":"https:\/\/insocsa.es\/index.php?rest_route=\/wp\/v2\/users\/1"}],"replies":[{"embeddable":true,"href":"https:\/\/insocsa.es\/index.php?rest_route=%2Fwp%2Fv2%2Fcomments&post=8"}],"version-history":[{"count":1,"href":"https:\/\/insocsa.es\/index.php?rest_route=\/wp\/v2\/pages\/8\/revisions"}],"predecessor-version":[{"id":9,"href":"https:\/\/insocsa.es\/index.php?rest_route=\/wp\/v2\/pages\/8\/revisions\/9"}],"wp:attachment":[{"href":"https:\/\/insocsa.es\/index.php?rest_route=%2Fwp%2Fv2%2Fmedia&parent=8"}],"curies":[{"name":"wp","href":"https:\/\/api.w.org\/{rel}","templated":true}]}}